{"id":10723,"date":"2020-04-09T17:43:38","date_gmt":"2020-04-09T16:43:38","guid":{"rendered":"https:\/\/www.ulsguarda.min-saude.pt\/?page_id=10723"},"modified":"2020-05-13T17:48:32","modified_gmt":"2020-05-13T16:48:32","slug":"apoio-psico-emocional-covid-19","status":"publish","type":"page","link":"https:\/\/portaisuls-qua.azurewebsites.net\/ulsg\/apoio-psico-emocional-covid-19\/","title":{"rendered":"Apoio Psico-emocional COVID-19"},"content":{"rendered":"<table width=\"100%\" cellspacing=\"0\">\n<tbody>\n<tr bgcolor=\"#e6e6e6\">\n<td style=\"width: 70%; height: 40px;\"><\/td>\n<td align=\"right\" width=\"30%\"><a href=\"https:\/\/www.ulsguarda.min-saude.pt\/materiais-de-apoio-para-a-comunidade-covid-19\/\"><strong>Materiais de apoio para a comunidade<\/strong><\/a><\/td>\n<\/tr>\n<\/tbody>\n<\/table>\n<p><span style=\"color: #00a8e1; font-size: 16px;\"><strong>O NLRSM tem como fun\u00e7\u00f5es (Despacho n.\u00ba7059\/2018)<\/strong><\/span><\/p>\n<ul>\n<li>Responsabilidade de planear e coordenar a resposta imediata dos CSP em caso de acidente grave ou cat\u00e1strofe;<\/li>\n<li>Desenvolver uma estrat\u00e9gia de articula\u00e7\u00e3o\/integra\u00e7\u00e3o da resposta de continuidade com os Servi\u00e7os Locais de Sa\u00fade Mental, as Equipas de Sa\u00fade Mental Comunit\u00e1ria, os Cuidados Continuados Integrados, as autarquias e outros parceiros comunit\u00e1rios.<\/li>\n<li>Forma\u00e7\u00e3o nos CSP e nos SLSM<\/li>\n<\/ul>\n<p><span style=\"color: #00a8e1; font-size: 16px;\"><strong>Elementos do NLRSM nomeados a 3 de abril de 2019<\/strong><\/span><\/p>\n<ul>\n<li>Dra. Isabel da Natividade de Carvalho Coelho Cruz Antunes &#8211; Diretora Executiva do ACES &#8211; M\u00e9dica de Medicina Geral e Familiar &#8211; Conselho de Administra\u00e7\u00e3o da ULS Guarda, E.P.E.<\/li>\n<li>Dra. Ana Maria Rodrigues Almeida Rocha &#8211; Presidente do Conselho Conselho C\u00ednico e de Sa\u00fade &#8211; M\u00e9dica de Medicina Geral e Familiar .<\/li>\n<li>Dra. Ana Isabel Correia Viseu &#8211; Coordenadora da Unidade de Sa\u00fade P\u00fablica da ULS da Guarda, E.P.E. &#8211; M\u00e9dica de Sa\u00fade P\u00fablica da ULS da Guarda, E.P.E.<\/li>\n<li>Dra. Ana Sofia Lopes Caetano &#8211; Assistente Hospitalar de Psiquiatria da ULS da Guarda, E.P.E.<\/li>\n<li>Dra. Celina Isabel Monteiro Gon\u00e7alves Curto &#8211; Diretora do Servi\u00e7o de Psicologia &#8211; T\u00e9cnica Superior de Sa\u00fade de Psicologia Cl\u00ednica da ULS da Guarda, E.P.E.<\/li>\n<li>Dra. Ana Alexandre Marques Madeira Alexandre &#8211; T\u00e9cnica Superior de Servi\u00e7o Social da ULS da Guarda, E.P.E.<\/li>\n<li>Enf.\u00aa Susana do Carmo Lopes Garcia &#8211; Enfermeira Especialista em Sa\u00fade Mental e Psiqui\u00e1trica no Departamento de Psiquiatria e Sa\u00fade Mental da ULS da Guarda, E.P.E.<\/li>\n<\/ul>\n<p>Contactos<\/p>\n<ul>\n<li><a href=\"mailto:nlrsm@ulsguarda.min-saude.pt\">nlrsm@ulsguarda.min-saude.pt<\/a><\/li>\n<\/ul>\n<p><span style=\"color: #00a8e1; font-size: 16px;\"><strong>Linhas de Apoio<\/strong><\/span><\/p>\n<table width=\"100%\" cellspacing=\"0\">\n<tbody>\n<tr bgcolor=\"#ccdcff\">\n<td width=\"22%\"><strong>LINHA<\/strong><\/td>\n<td width=\"18%\"><strong>RESPONS\u00c1VEL<\/strong><\/td>\n<td width=\"20%\"><strong>HOR\u00c1RIO<\/strong><\/td>\n<td width=\"20%\"><strong>CONTACTO<\/strong><\/td>\n<td width=\"20%\"><strong>OBJETIVO<\/strong><\/td>\n<\/tr>\n<tr>\n<td><strong>APOIO \u00c0 COMUNIDADE<br \/>\n<span style=\"color: #808080;\">PSICOLOGIA<\/span><\/strong><\/td>\n<td>Dr. S\u00e9rgio V.<\/p>\n<p>Dra. Cec\u00edlia M.<\/p>\n<p>Dra. Anabela M.<\/td>\n<td>Segunda a sexta-feira<br \/>\nDas 9h \u00e0s 17h<\/td>\n<td>968\u00a0464 494<\/p>\n<p>966\u00a0871 050<\/p>\n<p>966\u00a0870 779<\/td>\n<td>Disponibilizado ao utente em acompanhamento psicol\u00f3gico ou que requeira interven\u00e7\u00e3o psicoemocional<\/td>\n<\/tr>\n<tr bgcolor=\"#e6e6e6\">\n<td><strong>APOIO \u00c0 COMUNIDADE<br \/>\n<span style=\"color: #808080;\">PSIQUIATRIA<\/span><\/strong><\/td>\n<td width=\"123\">Dra. Sara R.<\/p>\n<p>Dra. Bianca J.<\/p>\n<p>Dra. Isabel V.<\/p>\n<p>Dr. Jo\u00e3o C.<\/td>\n<td>Segunda a sexta-feira<br \/>\nDas 9h \u00e0s 17h<\/td>\n<td width=\"191\">966\u00a0870\u00a0493 (\u00e1rea de referencia\u00e7\u00e3o HSM &#8211; Guarda)<\/p>\n<p>913\u00a0284\u00a0116 (\u00e1rea de referencia\u00e7\u00e3o HNSA &#8211; Seia)<\/td>\n<td width=\"205\">Disponibilizado ao utente em:<\/p>\n<p>&#8211; acompanhamento psiqui\u00e1trico<\/p>\n<p>&#8211; isolamento ou pessoas infetadas com Sars-Cov-19 (por referencia\u00e7\u00e3o dos CSP ou DS)<\/p>\n<p>&#8211; UCC, IPSSs e Autarquias<\/td>\n<\/tr>\n<tr>\n<td><strong>PSIQUIATRIA DE LIGA\u00c7\u00c3O<\/strong><\/td>\n<td>Dra. Diana S.<\/td>\n<td>Segunda a sexta (9-17h)<br \/>\nS\u00e1bados (9-14h)<\/td>\n<td>Disponibilizado internamente<\/td>\n<td>Articula\u00e7\u00e3o com o m\u00e9dico dos CSP, HSM, HNSA<\/td>\n<\/tr>\n<tr bgcolor=\"#e6e6e6\">\n<td><strong>APOIO AOS PROFISSIONAIS DE SA\u00daDE<br \/>\n<span style=\"color: #808080;\">PSICOLOGIA<\/span><\/strong><\/td>\n<td>Psic\u00f3logos do HSM<\/td>\n<td>Segunda a sexta-feira,<br \/>\nDas 9h \u00e0s 21h<\/td>\n<td>966\u00a0871 042<\/p>\n<p>966\u00a0870 940<\/td>\n<td><\/td>\n<\/tr>\n<tr>\n<td><strong>APOIO AOS PROFISSIONAIS DE SA\u00daDE<br \/>\n<span style=\"color: #808080;\">PSIQUIATRIA<\/span><\/strong><\/td>\n<td>Psiquiatras do DPSM<\/td>\n<td>Todos os dias<br \/>\nDas 9h \u00e0s 21h<\/td>\n<td>967\u00a0075 057<\/td>\n<td>&nbsp;<\/p>\n<p>&nbsp;<\/td>\n<\/tr>\n<\/tbody>\n<\/table>\n","protected":false},"excerpt":{"rendered":"<p>Materiais de apoio para a comunidade O NLRSM tem como fun\u00e7\u00f5es (Despacho n.\u00ba7059\/2018) Responsabilidade de planear e coordenar a resposta imediata dos CSP em caso de acidente grave ou cat\u00e1strofe; Desenvolver uma estrat\u00e9gia de articula\u00e7\u00e3o\/integra\u00e7\u00e3o da resposta de continuidade com os Servi\u00e7os Locais de Sa\u00fade Mental, as Equipas de Sa\u00fade Mental Comunit\u00e1ria, os Cuidados Continuados [&hellip;]<\/p>\n","protected":false},"author":60,"featured_media":0,"parent":0,"menu_order":0,"comment_status":"closed","ping_status":"closed","template":"","meta":{"footnotes":""},"class_list":["post-10723","page","type-page","status-publish","hentry"],"_links":{"self":[{"href":"https:\/\/portaisuls-qua.azurewebsites.net\/ulsg\/wp-json\/wp\/v2\/pages\/10723","targetHints":{"allow":["GET"]}}],"collection":[{"href":"https:\/\/portaisuls-qua.azurewebsites.net\/ulsg\/wp-json\/wp\/v2\/pages"}],"about":[{"href":"https:\/\/portaisuls-qua.azurewebsites.net\/ulsg\/wp-json\/wp\/v2\/types\/page"}],"author":[{"embeddable":true,"href":"https:\/\/portaisuls-qua.azurewebsites.net\/ulsg\/wp-json\/wp\/v2\/users\/60"}],"replies":[{"embeddable":true,"href":"https:\/\/portaisuls-qua.azurewebsites.net\/ulsg\/wp-json\/wp\/v2\/comments?post=10723"}],"version-history":[{"count":16,"href":"https:\/\/portaisuls-qua.azurewebsites.net\/ulsg\/wp-json\/wp\/v2\/pages\/10723\/revisions"}],"predecessor-version":[{"id":10870,"href":"https:\/\/portaisuls-qua.azurewebsites.net\/ulsg\/wp-json\/wp\/v2\/pages\/10723\/revisions\/10870"}],"wp:attachment":[{"href":"https:\/\/portaisuls-qua.azurewebsites.net\/ulsg\/wp-json\/wp\/v2\/media?parent=10723"}],"curies":[{"name":"wp","href":"https:\/\/api.w.org\/{rel}","templated":true}]}}