{"id":381,"date":"2016-11-04T18:34:37","date_gmt":"2016-11-04T18:34:37","guid":{"rendered":"http:\/\/www.ulsguarda.min-saude.pt\/?page_id=381"},"modified":"2019-10-24T17:40:55","modified_gmt":"2019-10-24T16:40:55","slug":"tempos-de-espera","status":"publish","type":"page","link":"https:\/\/portaisuls-qua.azurewebsites.net\/ulsg\/tempos-de-espera\/","title":{"rendered":"Tempos de Espera"},"content":{"rendered":"<div style=\"width: 50%; float: left;\">\n<strong> Hospital Sousa Martins &#8211; Guarda<\/strong><br \/>\n<iframe id=\"spms-tems-1\" height=\"397\" title=\"HSM\" src=\"http:\/\/tempos.min-saude.pt\/#\/instituicao-embed\/194\" frameborder=\"0\" scrolling=\"no\"><\/iframe>\n<\/div>\n<div style=\"width: 50%; float: left;\">\n<strong> Hospital Nossa Senhora da Assun\u00e7\u00e3o &#8211; Seia<\/strong><br \/>\n<iframe id=\"spms-tems-2\" height=\"397\" title=\"HNSA\" src=\"http:\/\/tempos.min-saude.pt\/#\/instituicao-embed\/191\" frameborder=\"0\" scrolling=\"no\"><\/iframe>\n<\/div>\n<div style=\"width: 50%; float: left;\">\n<strong>Centro de Sa\u00fade de Vila Nova de Foz C\u00f4a<\/strong><br \/>\n<iframe id=\"spms-tems-3\" height=\"200\" title=\"CSVNF\" src=\"http:\/\/tempos.min-saude.pt\/#\/instituicao-embed\/405\" frameborder=\"0\" scrolling=\"no\"><\/iframe>\n<\/div>\n<div style=\"width: 50%; float: left;\"><\/div>\n","protected":false},"excerpt":{"rendered":"<p>Hospital Sousa Martins &#8211; Guarda Hospital Nossa Senhora da Assun\u00e7\u00e3o &#8211; Seia Centro de Sa\u00fade de Vila Nova de Foz C\u00f4a<\/p>\n","protected":false},"author":1,"featured_media":0,"parent":0,"menu_order":0,"comment_status":"closed","ping_status":"closed","template":"","meta":{"footnotes":""},"class_list":["post-381","page","type-page","status-publish","hentry"],"_links":{"self":[{"href":"https:\/\/portaisuls-qua.azurewebsites.net\/ulsg\/wp-json\/wp\/v2\/pages\/381","targetHints":{"allow":["GET"]}}],"collection":[{"href":"https:\/\/portaisuls-qua.azurewebsites.net\/ulsg\/wp-json\/wp\/v2\/pages"}],"about":[{"href":"https:\/\/portaisuls-qua.azurewebsites.net\/ulsg\/wp-json\/wp\/v2\/types\/page"}],"author":[{"embeddable":true,"href":"https:\/\/portaisuls-qua.azurewebsites.net\/ulsg\/wp-json\/wp\/v2\/users\/1"}],"replies":[{"embeddable":true,"href":"https:\/\/portaisuls-qua.azurewebsites.net\/ulsg\/wp-json\/wp\/v2\/comments?post=381"}],"version-history":[{"count":39,"href":"https:\/\/portaisuls-qua.azurewebsites.net\/ulsg\/wp-json\/wp\/v2\/pages\/381\/revisions"}],"predecessor-version":[{"id":9795,"href":"https:\/\/portaisuls-qua.azurewebsites.net\/ulsg\/wp-json\/wp\/v2\/pages\/381\/revisions\/9795"}],"wp:attachment":[{"href":"https:\/\/portaisuls-qua.azurewebsites.net\/ulsg\/wp-json\/wp\/v2\/media?parent=381"}],"curies":[{"name":"wp","href":"https:\/\/api.w.org\/{rel}","templated":true}]}}